{"id":77,"date":"2021-09-25T15:24:28","date_gmt":"2021-09-25T13:24:28","guid":{"rendered":"https:\/\/www.tiki-yachting.com\/?post_type=product&#038;p=77"},"modified":"2026-03-03T09:22:07","modified_gmt":"2026-03-03T08:22:07","slug":"passerelle-acces-a-bord","status":"publish","type":"product","link":"https:\/\/www.tiki-yachting.com\/en\/catalogue\/passerelle-acces-a-bord\/","title":{"rendered":"INFLATABLE ON BOARD ACCESS GATEWAY"},"content":{"rendered":"<p><u>INFLATABLE GATEWAY:<\/u> \u00a0<strong>Model registered with the INPI - <\/strong>Allowing boarding a boat on a gangway that would be both rigid, secured by railings, light to move, maintenance-free and durable over time, such was our technical challenge. The implementation takes only 5 minutes with a hand or electric pump. Storage is easy because once deflated the size is only 70x40x15 cm. For maximum rigidity, the platform is equipped with a double chamber and double martingale system. The walkways can be used with or without detachable guardrails. <b>skate<\/b> removable wear plate ensures the connection with the quay of the port without damaging the inflatable structure.<\/p>\n<p>Plusieurs dimensions : 2m , 2,5m , 3m .<\/p>\n<p>&nbsp;<\/p>","protected":false},"excerpt":{"rendered":"<p>Passerelle livr\u00e9e avec main courante \u00a0pour la 2,5 m et la 3 m , sans main courante pour la 2 m et un patin d\u2019usure en T\u00e9flon pour le c\u00f4t\u00e9 ponton.<br \/>\nDelivered without inflation system.<\/p>\n<p>Inflation: 4 min - Folded 70X40X15<br \/>\nDim 300x60x15 &#8211; poids : 11 kg &#8211; Gonflage : 5 min \u2013 Pli\u00e9 70X40X18<\/p>\n<p>Manufactured in high resistance DROPSTICH PVC Technology, honeycomb weave on the inside with equidistant polyester threads.<\/p>","protected":false},"featured_media":487,"template":"","meta":[],"product_cat":[22],"product_tag":[],"yoast_head":"<!-- This site is optimized with the Yoast SEO plugin v21.1 - https:\/\/yoast.com\/wordpress\/plugins\/seo\/ -->\n<title>TIKI YACHTING - PASSERELLE ACC\u00c8S \u00c0 BORD<\/title>\n<meta name=\"robots\" content=\"index, follow, max-snippet:-1, max-image-preview:large, max-video-preview:-1\" \/>\n<link rel=\"canonical\" href=\"https:\/\/www.tiki-yachting.com\/en\/catalogue\/passerelle-acces-a-bord\/\" \/>\n<meta property=\"og:locale\" content=\"en_GB\" \/>\n<meta property=\"og:type\" content=\"article\" \/>\n<meta property=\"og:title\" content=\"TIKI YACHTING - PASSERELLE ACC\u00c8S \u00c0 BORD\" \/>\n<meta property=\"og:description\" content=\"Passerelle livr\u00e9e avec main courante \u00a0pour la 2,5 m et la 3 m , sans main courante pour la 2 m et un patin d\u2019usure en T\u00e9flon pour le c\u00f4t\u00e9 ponton. Livr\u00e9 sans syst\u00e8me de gonflage .  Gonflage\u00a0: 4 min \u2013 Pli\u00e9 70X40X15 Dim 300x60x15 - poids : 11 kg - Gonflage : 5 min \u2013 Pli\u00e9 70X40X18  Fabrication\u00a0en Technologie DROPSTICH PVC haute r\u00e9sistance, tissage nid d\u2019abeille \u00e0 l\u2019int\u00e9rieur gr\u00e2ce \u00e0 des fils polyester \u00e9quidistant.\" \/>\n<meta property=\"og:url\" content=\"https:\/\/www.tiki-yachting.com\/en\/catalogue\/passerelle-acces-a-bord\/\" \/>\n<meta property=\"og:site_name\" content=\"TIKI YACHTING\" \/>\n<meta property=\"article:modified_time\" content=\"2026-03-03T08:22:07+00:00\" \/>\n<meta property=\"og:image\" content=\"https:\/\/www.tiki-yachting.com\/wp-content\/uploads\/2021\/09\/BCA110FA-1A96-4305-9A09-38ED763FDBCD.png\" \/>\n\t<meta property=\"og:image:width\" content=\"424\" \/>\n\t<meta property=\"og:image:height\" content=\"589\" \/>\n\t<meta property=\"og:image:type\" content=\"image\/png\" \/>\n<meta name=\"twitter:card\" content=\"summary_large_image\" \/>\n<meta name=\"twitter:label1\" content=\"Estimated reading time\" \/>\n\t<meta name=\"twitter:data1\" content=\"1 minute\" \/>\n<script type=\"application\/ld+json\" class=\"yoast-schema-graph\">{\"@context\":\"https:\/\/schema.org\",\"@graph\":[{\"@type\":\"WebPage\",\"@id\":\"https:\/\/www.tiki-yachting.com\/en\/catalogue\/passerelle-acces-a-bord\/\",\"url\":\"https:\/\/www.tiki-yachting.com\/en\/catalogue\/passerelle-acces-a-bord\/\",\"name\":\"TIKI YACHTING - PASSERELLE ACC\u00c8S \u00c0 BORD\",\"isPartOf\":{\"@id\":\"https:\/\/www.tiki-yachting.com\/en\/#website\"},\"datePublished\":\"2021-09-25T13:24:28+00:00\",\"dateModified\":\"2026-03-03T08:22:07+00:00\",\"breadcrumb\":{\"@id\":\"https:\/\/www.tiki-yachting.com\/en\/catalogue\/passerelle-acces-a-bord\/#breadcrumb\"},\"inLanguage\":\"en-GB\",\"potentialAction\":[{\"@type\":\"ReadAction\",\"target\":[\"https:\/\/www.tiki-yachting.com\/en\/catalogue\/passerelle-acces-a-bord\/\"]}]},{\"@type\":\"BreadcrumbList\",\"@id\":\"https:\/\/www.tiki-yachting.com\/en\/catalogue\/passerelle-acces-a-bord\/#breadcrumb\",\"itemListElement\":[{\"@type\":\"ListItem\",\"position\":1,\"name\":\"Accueil\",\"item\":\"https:\/\/www.tiki-yachting.com\/\"},{\"@type\":\"ListItem\",\"position\":2,\"name\":\"Boutique\",\"item\":\"https:\/\/www.tiki-yachting.com\/boutique\/\"},{\"@type\":\"ListItem\",\"position\":3,\"name\":\"PASSERELLE ACC\u00c8S \u00c0 BORD\"}]},{\"@type\":\"WebSite\",\"@id\":\"https:\/\/www.tiki-yachting.com\/en\/#website\",\"url\":\"https:\/\/www.tiki-yachting.com\/en\/\",\"name\":\"TIKI YACHTING\",\"description\":\"\",\"publisher\":{\"@id\":\"https:\/\/www.tiki-yachting.com\/en\/#organization\"},\"potentialAction\":[{\"@type\":\"SearchAction\",\"target\":{\"@type\":\"EntryPoint\",\"urlTemplate\":\"https:\/\/www.tiki-yachting.com\/en\/?s={search_term_string}\"},\"query-input\":\"required name=search_term_string\"}],\"inLanguage\":\"en-GB\"},{\"@type\":\"Organization\",\"@id\":\"https:\/\/www.tiki-yachting.com\/en\/#organization\",\"name\":\"TIKI YACHTING\",\"url\":\"https:\/\/www.tiki-yachting.com\/en\/\",\"logo\":{\"@type\":\"ImageObject\",\"inLanguage\":\"en-GB\",\"@id\":\"https:\/\/www.tiki-yachting.com\/en\/#\/schema\/logo\/image\/\",\"url\":\"https:\/\/www.tiki-yachting.com\/wp-content\/uploads\/2021\/09\/logo-tiki-yachting-site.jpg\",\"contentUrl\":\"https:\/\/www.tiki-yachting.com\/wp-content\/uploads\/2021\/09\/logo-tiki-yachting-site.jpg\",\"width\":314,\"height\":222,\"caption\":\"TIKI YACHTING\"},\"image\":{\"@id\":\"https:\/\/www.tiki-yachting.com\/en\/#\/schema\/logo\/image\/\"}}]}<\/script>\n<!-- \/ Yoast SEO plugin. -->","yoast_head_json":{"title":"TIKI YACHTING - PASSERELLE ACC\u00c8S \u00c0 BORD","robots":{"index":"index","follow":"follow","max-snippet":"max-snippet:-1","max-image-preview":"max-image-preview:large","max-video-preview":"max-video-preview:-1"},"canonical":"https:\/\/www.tiki-yachting.com\/en\/catalogue\/passerelle-acces-a-bord\/","og_locale":"en_GB","og_type":"article","og_title":"TIKI YACHTING - PASSERELLE ACC\u00c8S \u00c0 BORD","og_description":"Passerelle livr\u00e9e avec main courante \u00a0pour la 2,5 m et la 3 m , sans main courante pour la 2 m et un patin d\u2019usure en T\u00e9flon pour le c\u00f4t\u00e9 ponton. Livr\u00e9 sans syst\u00e8me de gonflage .  Gonflage\u00a0: 4 min \u2013 Pli\u00e9 70X40X15 Dim 300x60x15 - poids : 11 kg - Gonflage : 5 min \u2013 Pli\u00e9 70X40X18  Fabrication\u00a0en Technologie DROPSTICH PVC haute r\u00e9sistance, tissage nid d\u2019abeille \u00e0 l\u2019int\u00e9rieur gr\u00e2ce \u00e0 des fils polyester \u00e9quidistant.","og_url":"https:\/\/www.tiki-yachting.com\/en\/catalogue\/passerelle-acces-a-bord\/","og_site_name":"TIKI YACHTING","article_modified_time":"2026-03-03T08:22:07+00:00","og_image":[{"width":424,"height":589,"url":"https:\/\/www.tiki-yachting.com\/wp-content\/uploads\/2021\/09\/BCA110FA-1A96-4305-9A09-38ED763FDBCD.png","type":"image\/png"}],"twitter_card":"summary_large_image","twitter_misc":{"Estimated reading time":"1 minute"},"schema":{"@context":"https:\/\/schema.org","@graph":[{"@type":"WebPage","@id":"https:\/\/www.tiki-yachting.com\/en\/catalogue\/passerelle-acces-a-bord\/","url":"https:\/\/www.tiki-yachting.com\/en\/catalogue\/passerelle-acces-a-bord\/","name":"TIKI YACHTING - PASSERELLE ACC\u00c8S \u00c0 BORD","isPartOf":{"@id":"https:\/\/www.tiki-yachting.com\/en\/#website"},"datePublished":"2021-09-25T13:24:28+00:00","dateModified":"2026-03-03T08:22:07+00:00","breadcrumb":{"@id":"https:\/\/www.tiki-yachting.com\/en\/catalogue\/passerelle-acces-a-bord\/#breadcrumb"},"inLanguage":"en-GB","potentialAction":[{"@type":"ReadAction","target":["https:\/\/www.tiki-yachting.com\/en\/catalogue\/passerelle-acces-a-bord\/"]}]},{"@type":"BreadcrumbList","@id":"https:\/\/www.tiki-yachting.com\/en\/catalogue\/passerelle-acces-a-bord\/#breadcrumb","itemListElement":[{"@type":"ListItem","position":1,"name":"Accueil","item":"https:\/\/www.tiki-yachting.com\/"},{"@type":"ListItem","position":2,"name":"Boutique","item":"https:\/\/www.tiki-yachting.com\/boutique\/"},{"@type":"ListItem","position":3,"name":"PASSERELLE ACC\u00c8S \u00c0 BORD"}]},{"@type":"WebSite","@id":"https:\/\/www.tiki-yachting.com\/en\/#website","url":"https:\/\/www.tiki-yachting.com\/en\/","name":"TIKI YACHTING","description":"","publisher":{"@id":"https:\/\/www.tiki-yachting.com\/en\/#organization"},"potentialAction":[{"@type":"SearchAction","target":{"@type":"EntryPoint","urlTemplate":"https:\/\/www.tiki-yachting.com\/en\/?s={search_term_string}"},"query-input":"required name=search_term_string"}],"inLanguage":"en-GB"},{"@type":"Organization","@id":"https:\/\/www.tiki-yachting.com\/en\/#organization","name":"TIKI YACHTING","url":"https:\/\/www.tiki-yachting.com\/en\/","logo":{"@type":"ImageObject","inLanguage":"en-GB","@id":"https:\/\/www.tiki-yachting.com\/en\/#\/schema\/logo\/image\/","url":"https:\/\/www.tiki-yachting.com\/wp-content\/uploads\/2021\/09\/logo-tiki-yachting-site.jpg","contentUrl":"https:\/\/www.tiki-yachting.com\/wp-content\/uploads\/2021\/09\/logo-tiki-yachting-site.jpg","width":314,"height":222,"caption":"TIKI YACHTING"},"image":{"@id":"https:\/\/www.tiki-yachting.com\/en\/#\/schema\/logo\/image\/"}}]}},"_links":{"self":[{"href":"https:\/\/www.tiki-yachting.com\/en\/wp-json\/wp\/v2\/product\/77"}],"collection":[{"href":"https:\/\/www.tiki-yachting.com\/en\/wp-json\/wp\/v2\/product"}],"about":[{"href":"https:\/\/www.tiki-yachting.com\/en\/wp-json\/wp\/v2\/types\/product"}],"wp:featuredmedia":[{"embeddable":true,"href":"https:\/\/www.tiki-yachting.com\/en\/wp-json\/wp\/v2\/media\/487"}],"wp:attachment":[{"href":"https:\/\/www.tiki-yachting.com\/en\/wp-json\/wp\/v2\/media?parent=77"}],"wp:term":[{"taxonomy":"product_cat","embeddable":true,"href":"https:\/\/www.tiki-yachting.com\/en\/wp-json\/wp\/v2\/product_cat?post=77"},{"taxonomy":"product_tag","embeddable":true,"href":"https:\/\/www.tiki-yachting.com\/en\/wp-json\/wp\/v2\/product_tag?post=77"}],"curies":[{"name":"wp","href":"https:\/\/api.w.org\/{rel}","templated":true}]}}