{"id":659,"date":"2025-03-04T17:37:17","date_gmt":"2025-03-04T16:37:17","guid":{"rendered":"https:\/\/www.tiki-yachting.com\/?post_type=product&#038;p=659"},"modified":"2025-03-17T19:56:53","modified_gmt":"2025-03-17T18:56:53","slug":"hamac-aquatique","status":"publish","type":"product","link":"https:\/\/www.tiki-yachting.com\/en\/catalogue\/hamac-aquatique\/","title":{"rendered":"HAMAC AQUATIQUE"},"content":{"rendered":"<p>Voici la grosse innovation TIKI en 2025: \u00a0une piscine \/ hamac aquatique gonflable en dropstich plus solide que le PVC. Derri\u00e8re un bateau, dans une piscine, \u00e0 la plage, en famille, entre amis, ou avec les enfants !<\/p>\n<p>Le concept est tr\u00e8s simple : une structure gonflable en dropstich l\u00e9g\u00e8re et r\u00e9sistante dans laquelle est tendue une toile en mesh. Ainsi, \u00e0 vous le chill \u00e0 la plage ou derri\u00e8re le bateau, semi-immerg\u00e9 \u00a0! Soit dit en passant \u00e0 l\u2019abris des m\u00e9duses.<\/p>\n<p>La TIKI Party Pool fait 1,8 m ou 2,40 m de diam\u00e8tre. Elle offre une surface appr\u00e9ciable pour y bronzer, s\u2019amuser, ou prendre l\u2019ap\u00e9ro entre amis. C\u2019est \u00e9galement un formidable espace de jeu pour les enfants qui peuvent s\u2019y baigner en toute s\u00e9curit\u00e9.<\/p>","protected":false},"excerpt":{"rendered":"<p>une piscine \/ hamac aquatique gonflable en dropstich plus solide que le PVC. Derri\u00e8re un bateau, dans une piscine, \u00e0 la plage, en famille, entre amis, ou avec les enfants !<\/p>","protected":false},"featured_media":662,"template":"","meta":[],"product_cat":[22],"product_tag":[],"yoast_head":"<!-- This site is optimized with the Yoast SEO plugin v21.1 - https:\/\/yoast.com\/wordpress\/plugins\/seo\/ -->\n<title>TIKI YACHTING - HAMAC AQUATIQUE<\/title>\n<meta name=\"robots\" content=\"index, follow, max-snippet:-1, max-image-preview:large, max-video-preview:-1\" \/>\n<link rel=\"canonical\" href=\"https:\/\/www.tiki-yachting.com\/en\/catalogue\/hamac-aquatique\/\" \/>\n<meta property=\"og:locale\" content=\"en_GB\" \/>\n<meta property=\"og:type\" content=\"article\" \/>\n<meta property=\"og:title\" content=\"TIKI YACHTING - HAMAC AQUATIQUE\" \/>\n<meta property=\"og:description\" content=\"une piscine \/ hamac aquatique gonflable en dropstich plus solide que le PVC. Derri\u00e8re un bateau, dans une piscine, \u00e0 la plage, en famille, entre amis, ou avec les enfants !\" \/>\n<meta property=\"og:url\" content=\"https:\/\/www.tiki-yachting.com\/en\/catalogue\/hamac-aquatique\/\" \/>\n<meta property=\"og:site_name\" content=\"TIKI YACHTING\" \/>\n<meta property=\"article:modified_time\" content=\"2025-03-17T18:56:53+00:00\" \/>\n<meta property=\"og:image\" content=\"https:\/\/www.tiki-yachting.com\/wp-content\/uploads\/2025\/03\/IMG_1602.png\" \/>\n\t<meta property=\"og:image:width\" content=\"960\" \/>\n\t<meta property=\"og:image:height\" content=\"960\" \/>\n\t<meta property=\"og:image:type\" content=\"image\/png\" \/>\n<meta name=\"twitter:card\" content=\"summary_large_image\" \/>\n<meta name=\"twitter:label1\" content=\"Estimated reading time\" \/>\n\t<meta name=\"twitter:data1\" content=\"1 minute\" \/>\n<script type=\"application\/ld+json\" class=\"yoast-schema-graph\">{\"@context\":\"https:\/\/schema.org\",\"@graph\":[{\"@type\":\"WebPage\",\"@id\":\"https:\/\/www.tiki-yachting.com\/en\/catalogue\/hamac-aquatique\/\",\"url\":\"https:\/\/www.tiki-yachting.com\/en\/catalogue\/hamac-aquatique\/\",\"name\":\"TIKI YACHTING - HAMAC AQUATIQUE\",\"isPartOf\":{\"@id\":\"https:\/\/www.tiki-yachting.com\/en\/#website\"},\"datePublished\":\"2025-03-04T16:37:17+00:00\",\"dateModified\":\"2025-03-17T18:56:53+00:00\",\"breadcrumb\":{\"@id\":\"https:\/\/www.tiki-yachting.com\/en\/catalogue\/hamac-aquatique\/#breadcrumb\"},\"inLanguage\":\"en-GB\",\"potentialAction\":[{\"@type\":\"ReadAction\",\"target\":[\"https:\/\/www.tiki-yachting.com\/en\/catalogue\/hamac-aquatique\/\"]}]},{\"@type\":\"BreadcrumbList\",\"@id\":\"https:\/\/www.tiki-yachting.com\/en\/catalogue\/hamac-aquatique\/#breadcrumb\",\"itemListElement\":[{\"@type\":\"ListItem\",\"position\":1,\"name\":\"Accueil\",\"item\":\"https:\/\/www.tiki-yachting.com\/\"},{\"@type\":\"ListItem\",\"position\":2,\"name\":\"Boutique\",\"item\":\"https:\/\/www.tiki-yachting.com\/boutique\/\"},{\"@type\":\"ListItem\",\"position\":3,\"name\":\"HAMAC AQUATIQUE\"}]},{\"@type\":\"WebSite\",\"@id\":\"https:\/\/www.tiki-yachting.com\/en\/#website\",\"url\":\"https:\/\/www.tiki-yachting.com\/en\/\",\"name\":\"TIKI YACHTING\",\"description\":\"\",\"publisher\":{\"@id\":\"https:\/\/www.tiki-yachting.com\/en\/#organization\"},\"potentialAction\":[{\"@type\":\"SearchAction\",\"target\":{\"@type\":\"EntryPoint\",\"urlTemplate\":\"https:\/\/www.tiki-yachting.com\/en\/?s={search_term_string}\"},\"query-input\":\"required name=search_term_string\"}],\"inLanguage\":\"en-GB\"},{\"@type\":\"Organization\",\"@id\":\"https:\/\/www.tiki-yachting.com\/en\/#organization\",\"name\":\"TIKI YACHTING\",\"url\":\"https:\/\/www.tiki-yachting.com\/en\/\",\"logo\":{\"@type\":\"ImageObject\",\"inLanguage\":\"en-GB\",\"@id\":\"https:\/\/www.tiki-yachting.com\/en\/#\/schema\/logo\/image\/\",\"url\":\"https:\/\/www.tiki-yachting.com\/wp-content\/uploads\/2021\/09\/logo-tiki-yachting-site.jpg\",\"contentUrl\":\"https:\/\/www.tiki-yachting.com\/wp-content\/uploads\/2021\/09\/logo-tiki-yachting-site.jpg\",\"width\":314,\"height\":222,\"caption\":\"TIKI YACHTING\"},\"image\":{\"@id\":\"https:\/\/www.tiki-yachting.com\/en\/#\/schema\/logo\/image\/\"}}]}<\/script>\n<!-- \/ Yoast SEO plugin. -->","yoast_head_json":{"title":"TIKI YACHTING - HAMAC AQUATIQUE","robots":{"index":"index","follow":"follow","max-snippet":"max-snippet:-1","max-image-preview":"max-image-preview:large","max-video-preview":"max-video-preview:-1"},"canonical":"https:\/\/www.tiki-yachting.com\/en\/catalogue\/hamac-aquatique\/","og_locale":"en_GB","og_type":"article","og_title":"TIKI YACHTING - HAMAC AQUATIQUE","og_description":"une piscine \/ hamac aquatique gonflable en dropstich plus solide que le PVC. Derri\u00e8re un bateau, dans une piscine, \u00e0 la plage, en famille, entre amis, ou avec les enfants !","og_url":"https:\/\/www.tiki-yachting.com\/en\/catalogue\/hamac-aquatique\/","og_site_name":"TIKI YACHTING","article_modified_time":"2025-03-17T18:56:53+00:00","og_image":[{"width":960,"height":960,"url":"https:\/\/www.tiki-yachting.com\/wp-content\/uploads\/2025\/03\/IMG_1602.png","type":"image\/png"}],"twitter_card":"summary_large_image","twitter_misc":{"Estimated reading time":"1 minute"},"schema":{"@context":"https:\/\/schema.org","@graph":[{"@type":"WebPage","@id":"https:\/\/www.tiki-yachting.com\/en\/catalogue\/hamac-aquatique\/","url":"https:\/\/www.tiki-yachting.com\/en\/catalogue\/hamac-aquatique\/","name":"TIKI YACHTING - HAMAC AQUATIQUE","isPartOf":{"@id":"https:\/\/www.tiki-yachting.com\/en\/#website"},"datePublished":"2025-03-04T16:37:17+00:00","dateModified":"2025-03-17T18:56:53+00:00","breadcrumb":{"@id":"https:\/\/www.tiki-yachting.com\/en\/catalogue\/hamac-aquatique\/#breadcrumb"},"inLanguage":"en-GB","potentialAction":[{"@type":"ReadAction","target":["https:\/\/www.tiki-yachting.com\/en\/catalogue\/hamac-aquatique\/"]}]},{"@type":"BreadcrumbList","@id":"https:\/\/www.tiki-yachting.com\/en\/catalogue\/hamac-aquatique\/#breadcrumb","itemListElement":[{"@type":"ListItem","position":1,"name":"Accueil","item":"https:\/\/www.tiki-yachting.com\/"},{"@type":"ListItem","position":2,"name":"Boutique","item":"https:\/\/www.tiki-yachting.com\/boutique\/"},{"@type":"ListItem","position":3,"name":"HAMAC AQUATIQUE"}]},{"@type":"WebSite","@id":"https:\/\/www.tiki-yachting.com\/en\/#website","url":"https:\/\/www.tiki-yachting.com\/en\/","name":"TIKI YACHTING","description":"","publisher":{"@id":"https:\/\/www.tiki-yachting.com\/en\/#organization"},"potentialAction":[{"@type":"SearchAction","target":{"@type":"EntryPoint","urlTemplate":"https:\/\/www.tiki-yachting.com\/en\/?s={search_term_string}"},"query-input":"required name=search_term_string"}],"inLanguage":"en-GB"},{"@type":"Organization","@id":"https:\/\/www.tiki-yachting.com\/en\/#organization","name":"TIKI YACHTING","url":"https:\/\/www.tiki-yachting.com\/en\/","logo":{"@type":"ImageObject","inLanguage":"en-GB","@id":"https:\/\/www.tiki-yachting.com\/en\/#\/schema\/logo\/image\/","url":"https:\/\/www.tiki-yachting.com\/wp-content\/uploads\/2021\/09\/logo-tiki-yachting-site.jpg","contentUrl":"https:\/\/www.tiki-yachting.com\/wp-content\/uploads\/2021\/09\/logo-tiki-yachting-site.jpg","width":314,"height":222,"caption":"TIKI YACHTING"},"image":{"@id":"https:\/\/www.tiki-yachting.com\/en\/#\/schema\/logo\/image\/"}}]}},"_links":{"self":[{"href":"https:\/\/www.tiki-yachting.com\/en\/wp-json\/wp\/v2\/product\/659"}],"collection":[{"href":"https:\/\/www.tiki-yachting.com\/en\/wp-json\/wp\/v2\/product"}],"about":[{"href":"https:\/\/www.tiki-yachting.com\/en\/wp-json\/wp\/v2\/types\/product"}],"wp:featuredmedia":[{"embeddable":true,"href":"https:\/\/www.tiki-yachting.com\/en\/wp-json\/wp\/v2\/media\/662"}],"wp:attachment":[{"href":"https:\/\/www.tiki-yachting.com\/en\/wp-json\/wp\/v2\/media?parent=659"}],"wp:term":[{"taxonomy":"product_cat","embeddable":true,"href":"https:\/\/www.tiki-yachting.com\/en\/wp-json\/wp\/v2\/product_cat?post=659"},{"taxonomy":"product_tag","embeddable":true,"href":"https:\/\/www.tiki-yachting.com\/en\/wp-json\/wp\/v2\/product_tag?post=659"}],"curies":[{"name":"wp","href":"https:\/\/api.w.org\/{rel}","templated":true}]}}