{"id":117,"date":"2021-09-25T16:11:33","date_gmt":"2021-09-25T14:11:33","guid":{"rendered":"https:\/\/www.tiki-yachting.com\/?post_type=product&#038;p=117"},"modified":"2025-03-17T19:59:00","modified_gmt":"2025-03-17T18:59:00","slug":"pare-battage-plat-gonflable","status":"publish","type":"product","link":"https:\/\/www.tiki-yachting.com\/en\/catalogue\/pare-battage-plat-gonflable\/","title":{"rendered":"FLAT INFLATABLE FENDER"},"content":{"rendered":"<p>The big difference remains the much lower weight and especially the ultra small size when the product is deflated. This new fender is designed in a rectangular shape to be <strong><u>can be used lengthwise or crosswise.<\/u><\/strong><\/p>\n<p>The process and the materials are validated for marine use: resistance to shocks, UV rays, salt water, etc. Inflation in 1 minute thanks to a standard valve, that of the Stand up paddle and dinghy.<\/p>","protected":false},"excerpt":{"rendered":"<p>Dim 100x60x20 - weight: 2.3 kg - Inflation: 1 min - Folded 70x20x15<\/p>\n<p>Dim 70x50x15 - weight: 1.7 kg - Inflation: 1 min - Folded 60x18x13<\/p>\n<p>Dim 70x50x10 - weight: 1.7 kg - Inflation: 1 min - Folded 60x15x12<\/p>\n<p>Dim 70x50x10 - weight: 1.7 kg - Inflation: 1 min - Folded 60x15x12<\/p>\n<p>Manufactured in high resistance PVC DROPSTICH Technology, honeycomb weaving on the inside using equidistant polyester threads.<\/p>\n<p>TIKI YACHTING innovation for 2022 the Fender <strong><u>flat and inflatable<\/u><\/strong> is as practical to use as a classic round fender and meets the same needs<\/p>","protected":false},"featured_media":118,"template":"","meta":[],"product_cat":[22],"product_tag":[],"yoast_head":"<!-- This site is optimized with the Yoast SEO plugin v21.1 - https:\/\/yoast.com\/wordpress\/plugins\/seo\/ -->\n<title>TIKI YACHTING - PARE BATTAGE PLAT GONFLABLE<\/title>\n<meta name=\"robots\" content=\"index, follow, max-snippet:-1, max-image-preview:large, max-video-preview:-1\" \/>\n<link rel=\"canonical\" href=\"https:\/\/www.tiki-yachting.com\/en\/catalogue\/pare-battage-plat-gonflable\/\" \/>\n<meta property=\"og:locale\" content=\"en_GB\" \/>\n<meta property=\"og:type\" content=\"article\" \/>\n<meta property=\"og:title\" content=\"TIKI YACHTING - PARE BATTAGE PLAT GONFLABLE\" \/>\n<meta property=\"og:description\" content=\"Dim 100x60x20 - poids\u00a0: 2,3 kg - Gonflage\u00a0: 1 min \u2013 Pli\u00e9 70x20x15  Dim 70x50x15 - poids\u00a0: 1,7 kg - Gonflage\u00a0: 1 min \u2013 Pli\u00e9 60x18x13  Dim 70x50x10 - poids\u00a0: 1,7 kg - Gonflage\u00a0: 1 min \u2013 Pli\u00e9 60x15x12  Dim 70x50x5 - poids\u00a0: 1,7 kg - Gonflage\u00a0: 1 min \u2013 Pli\u00e9 60x15x10  Fabrication\u00a0en Technologie DROPSTICH PVC haute r\u00e9sistance, tissage nid d\u2019abeille \u00e0 l\u2019int\u00e9rieur gr\u00e2ce \u00e0 des fils polyester, anneaux en inox.  Innovation TIKI YACHTING pour 2022 le Pare battage plat et gonflable est aussi pratique \u00e0 utiliser qu\u2019un pare battage rond classique et r\u00e9pond au m\u00eame besoin.\" \/>\n<meta property=\"og:url\" content=\"https:\/\/www.tiki-yachting.com\/en\/catalogue\/pare-battage-plat-gonflable\/\" \/>\n<meta property=\"og:site_name\" content=\"TIKI YACHTING\" \/>\n<meta property=\"article:modified_time\" content=\"2025-03-17T18:59:00+00:00\" \/>\n<meta property=\"og:image\" content=\"https:\/\/www.tiki-yachting.com\/wp-content\/uploads\/2021\/09\/pare-battage-plat-gonflable-6.jpg\" \/>\n\t<meta property=\"og:image:width\" content=\"960\" \/>\n\t<meta property=\"og:image:height\" content=\"960\" \/>\n\t<meta property=\"og:image:type\" content=\"image\/jpeg\" \/>\n<meta name=\"twitter:card\" content=\"summary_large_image\" \/>\n<meta name=\"twitter:label1\" content=\"Estimated reading time\" \/>\n\t<meta name=\"twitter:data1\" content=\"1 minute\" \/>\n<script type=\"application\/ld+json\" class=\"yoast-schema-graph\">{\"@context\":\"https:\/\/schema.org\",\"@graph\":[{\"@type\":\"WebPage\",\"@id\":\"https:\/\/www.tiki-yachting.com\/en\/catalogue\/pare-battage-plat-gonflable\/\",\"url\":\"https:\/\/www.tiki-yachting.com\/en\/catalogue\/pare-battage-plat-gonflable\/\",\"name\":\"TIKI YACHTING - PARE BATTAGE PLAT GONFLABLE\",\"isPartOf\":{\"@id\":\"https:\/\/www.tiki-yachting.com\/en\/#website\"},\"datePublished\":\"2021-09-25T14:11:33+00:00\",\"dateModified\":\"2025-03-17T18:59:00+00:00\",\"breadcrumb\":{\"@id\":\"https:\/\/www.tiki-yachting.com\/en\/catalogue\/pare-battage-plat-gonflable\/#breadcrumb\"},\"inLanguage\":\"en-GB\",\"potentialAction\":[{\"@type\":\"ReadAction\",\"target\":[\"https:\/\/www.tiki-yachting.com\/en\/catalogue\/pare-battage-plat-gonflable\/\"]}]},{\"@type\":\"BreadcrumbList\",\"@id\":\"https:\/\/www.tiki-yachting.com\/en\/catalogue\/pare-battage-plat-gonflable\/#breadcrumb\",\"itemListElement\":[{\"@type\":\"ListItem\",\"position\":1,\"name\":\"Accueil\",\"item\":\"https:\/\/www.tiki-yachting.com\/\"},{\"@type\":\"ListItem\",\"position\":2,\"name\":\"Boutique\",\"item\":\"https:\/\/www.tiki-yachting.com\/boutique\/\"},{\"@type\":\"ListItem\",\"position\":3,\"name\":\"PARE BATTAGE PLAT GONFLABLE\"}]},{\"@type\":\"WebSite\",\"@id\":\"https:\/\/www.tiki-yachting.com\/en\/#website\",\"url\":\"https:\/\/www.tiki-yachting.com\/en\/\",\"name\":\"TIKI YACHTING\",\"description\":\"\",\"publisher\":{\"@id\":\"https:\/\/www.tiki-yachting.com\/en\/#organization\"},\"potentialAction\":[{\"@type\":\"SearchAction\",\"target\":{\"@type\":\"EntryPoint\",\"urlTemplate\":\"https:\/\/www.tiki-yachting.com\/en\/?s={search_term_string}\"},\"query-input\":\"required name=search_term_string\"}],\"inLanguage\":\"en-GB\"},{\"@type\":\"Organization\",\"@id\":\"https:\/\/www.tiki-yachting.com\/en\/#organization\",\"name\":\"TIKI YACHTING\",\"url\":\"https:\/\/www.tiki-yachting.com\/en\/\",\"logo\":{\"@type\":\"ImageObject\",\"inLanguage\":\"en-GB\",\"@id\":\"https:\/\/www.tiki-yachting.com\/en\/#\/schema\/logo\/image\/\",\"url\":\"https:\/\/www.tiki-yachting.com\/wp-content\/uploads\/2021\/09\/logo-tiki-yachting-site.jpg\",\"contentUrl\":\"https:\/\/www.tiki-yachting.com\/wp-content\/uploads\/2021\/09\/logo-tiki-yachting-site.jpg\",\"width\":314,\"height\":222,\"caption\":\"TIKI YACHTING\"},\"image\":{\"@id\":\"https:\/\/www.tiki-yachting.com\/en\/#\/schema\/logo\/image\/\"}}]}<\/script>\n<!-- \/ Yoast SEO plugin. -->","yoast_head_json":{"title":"TIKI YACHTING - PARE BATTAGE PLAT GONFLABLE","robots":{"index":"index","follow":"follow","max-snippet":"max-snippet:-1","max-image-preview":"max-image-preview:large","max-video-preview":"max-video-preview:-1"},"canonical":"https:\/\/www.tiki-yachting.com\/en\/catalogue\/pare-battage-plat-gonflable\/","og_locale":"en_GB","og_type":"article","og_title":"TIKI YACHTING - PARE BATTAGE PLAT GONFLABLE","og_description":"Dim 100x60x20 - poids\u00a0: 2,3 kg - Gonflage\u00a0: 1 min \u2013 Pli\u00e9 70x20x15  Dim 70x50x15 - poids\u00a0: 1,7 kg - Gonflage\u00a0: 1 min \u2013 Pli\u00e9 60x18x13  Dim 70x50x10 - poids\u00a0: 1,7 kg - Gonflage\u00a0: 1 min \u2013 Pli\u00e9 60x15x12  Dim 70x50x5 - poids\u00a0: 1,7 kg - Gonflage\u00a0: 1 min \u2013 Pli\u00e9 60x15x10  Fabrication\u00a0en Technologie DROPSTICH PVC haute r\u00e9sistance, tissage nid d\u2019abeille \u00e0 l\u2019int\u00e9rieur gr\u00e2ce \u00e0 des fils polyester, anneaux en inox.  Innovation TIKI YACHTING pour 2022 le Pare battage plat et gonflable est aussi pratique \u00e0 utiliser qu\u2019un pare battage rond classique et r\u00e9pond au m\u00eame besoin.","og_url":"https:\/\/www.tiki-yachting.com\/en\/catalogue\/pare-battage-plat-gonflable\/","og_site_name":"TIKI YACHTING","article_modified_time":"2025-03-17T18:59:00+00:00","og_image":[{"width":960,"height":960,"url":"https:\/\/www.tiki-yachting.com\/wp-content\/uploads\/2021\/09\/pare-battage-plat-gonflable-6.jpg","type":"image\/jpeg"}],"twitter_card":"summary_large_image","twitter_misc":{"Estimated reading time":"1 minute"},"schema":{"@context":"https:\/\/schema.org","@graph":[{"@type":"WebPage","@id":"https:\/\/www.tiki-yachting.com\/en\/catalogue\/pare-battage-plat-gonflable\/","url":"https:\/\/www.tiki-yachting.com\/en\/catalogue\/pare-battage-plat-gonflable\/","name":"TIKI YACHTING - PARE BATTAGE PLAT GONFLABLE","isPartOf":{"@id":"https:\/\/www.tiki-yachting.com\/en\/#website"},"datePublished":"2021-09-25T14:11:33+00:00","dateModified":"2025-03-17T18:59:00+00:00","breadcrumb":{"@id":"https:\/\/www.tiki-yachting.com\/en\/catalogue\/pare-battage-plat-gonflable\/#breadcrumb"},"inLanguage":"en-GB","potentialAction":[{"@type":"ReadAction","target":["https:\/\/www.tiki-yachting.com\/en\/catalogue\/pare-battage-plat-gonflable\/"]}]},{"@type":"BreadcrumbList","@id":"https:\/\/www.tiki-yachting.com\/en\/catalogue\/pare-battage-plat-gonflable\/#breadcrumb","itemListElement":[{"@type":"ListItem","position":1,"name":"Accueil","item":"https:\/\/www.tiki-yachting.com\/"},{"@type":"ListItem","position":2,"name":"Boutique","item":"https:\/\/www.tiki-yachting.com\/boutique\/"},{"@type":"ListItem","position":3,"name":"PARE BATTAGE PLAT GONFLABLE"}]},{"@type":"WebSite","@id":"https:\/\/www.tiki-yachting.com\/en\/#website","url":"https:\/\/www.tiki-yachting.com\/en\/","name":"TIKI YACHTING","description":"","publisher":{"@id":"https:\/\/www.tiki-yachting.com\/en\/#organization"},"potentialAction":[{"@type":"SearchAction","target":{"@type":"EntryPoint","urlTemplate":"https:\/\/www.tiki-yachting.com\/en\/?s={search_term_string}"},"query-input":"required name=search_term_string"}],"inLanguage":"en-GB"},{"@type":"Organization","@id":"https:\/\/www.tiki-yachting.com\/en\/#organization","name":"TIKI YACHTING","url":"https:\/\/www.tiki-yachting.com\/en\/","logo":{"@type":"ImageObject","inLanguage":"en-GB","@id":"https:\/\/www.tiki-yachting.com\/en\/#\/schema\/logo\/image\/","url":"https:\/\/www.tiki-yachting.com\/wp-content\/uploads\/2021\/09\/logo-tiki-yachting-site.jpg","contentUrl":"https:\/\/www.tiki-yachting.com\/wp-content\/uploads\/2021\/09\/logo-tiki-yachting-site.jpg","width":314,"height":222,"caption":"TIKI YACHTING"},"image":{"@id":"https:\/\/www.tiki-yachting.com\/en\/#\/schema\/logo\/image\/"}}]}},"_links":{"self":[{"href":"https:\/\/www.tiki-yachting.com\/en\/wp-json\/wp\/v2\/product\/117"}],"collection":[{"href":"https:\/\/www.tiki-yachting.com\/en\/wp-json\/wp\/v2\/product"}],"about":[{"href":"https:\/\/www.tiki-yachting.com\/en\/wp-json\/wp\/v2\/types\/product"}],"wp:featuredmedia":[{"embeddable":true,"href":"https:\/\/www.tiki-yachting.com\/en\/wp-json\/wp\/v2\/media\/118"}],"wp:attachment":[{"href":"https:\/\/www.tiki-yachting.com\/en\/wp-json\/wp\/v2\/media?parent=117"}],"wp:term":[{"taxonomy":"product_cat","embeddable":true,"href":"https:\/\/www.tiki-yachting.com\/en\/wp-json\/wp\/v2\/product_cat?post=117"},{"taxonomy":"product_tag","embeddable":true,"href":"https:\/\/www.tiki-yachting.com\/en\/wp-json\/wp\/v2\/product_tag?post=117"}],"curies":[{"name":"wp","href":"https:\/\/api.w.org\/{rel}","templated":true}]}}