{"id":113,"date":"2021-09-25T16:06:28","date_gmt":"2021-09-25T14:06:28","guid":{"rendered":"https:\/\/www.tiki-yachting.com\/?post_type=product&#038;p=113"},"modified":"2025-03-04T18:48:37","modified_gmt":"2025-03-04T17:48:37","slug":"pare-battage-rond-gonflable","status":"publish","type":"product","link":"https:\/\/www.tiki-yachting.com\/en\/catalogue\/pare-battage-rond-gonflable\/","title":{"rendered":"ROUND INFLATABLE FENDER"},"content":{"rendered":"<p>The big difference remains the ultra-small footprint when the product is deflated. This new fender is designed in a cylindrical shape, the manufacturing process and the materials are validated for marine use: resistance to shocks, UV, salt water\u2026 Inflates in 30 seconds thanks to a standard valve, that of Stand up paddle and dinghy .<\/p>","protected":false},"excerpt":{"rendered":"<p>Dim 50 cm x Diam\u00e8tre 25 cm &#8211; sans housse -poids : 1 kg -Gonflage : 30 secondes<\/p>\n<p>Dim 70 cm x Diam\u00e8tre 20 cm &#8211; sans housse &#8211; poids : 1 kg &#8211; Gonflage : 30 secondes<\/p>\n<p>Dim 70 cm x Diam\u00e8tre 20 cm \u00a0\u2013 Avec housse &#8211; poids : 1,5 kg<\/p>\n<p>Manufactured in high resistance pvc, basic version with stainless steel ring or version with high resistance 600 D polyester cover and webbing buckle.<\/p>\n<p>TIKI YACHTING innovation for 2022 the Fender <strong><u>Pare battage<\/u><\/strong> <strong><u>inflatable<\/u><\/strong> is as practical to use as a classic round fender and meets the same needs<\/p>","protected":false},"featured_media":114,"template":"","meta":[],"product_cat":[22],"product_tag":[],"yoast_head":"<!-- This site is optimized with the Yoast SEO plugin v21.1 - https:\/\/yoast.com\/wordpress\/plugins\/seo\/ -->\n<title>TIKI YACHTING - PARE BATTAGE ROND GONFLABLE<\/title>\n<meta name=\"robots\" content=\"index, follow, max-snippet:-1, max-image-preview:large, max-video-preview:-1\" \/>\n<link rel=\"canonical\" href=\"https:\/\/www.tiki-yachting.com\/en\/catalogue\/pare-battage-rond-gonflable\/\" \/>\n<meta property=\"og:locale\" content=\"en_GB\" \/>\n<meta property=\"og:type\" content=\"article\" \/>\n<meta property=\"og:title\" content=\"TIKI YACHTING - PARE BATTAGE ROND GONFLABLE\" \/>\n<meta property=\"og:description\" content=\"Dim 50 cm x Diam\u00e8tre 25 cm - sans housse -poids : 1 kg -Gonflage : 30 secondes  Dim 70 cm x Diam\u00e8tre 20 cm - sans housse - poids : 1 kg - Gonflage : 30 secondes  Dim 70 cm x Diam\u00e8tre 20 cm \u00a0\u2013 Avec housse - poids : 1,5 kg  Fabrication\u00a0en pvc haute r\u00e9sistance, version de base avec anneau en inox ou version avec housse en polyester haute resistance 600 D et boucle en sangle.  Innovation TIKI YACHTING pour 2022 le Pare battage gonflable est aussi pratique \u00e0 utiliser qu\u2019un pare battage classique et r\u00e9pond au m\u00eame besoin.\" \/>\n<meta property=\"og:url\" content=\"https:\/\/www.tiki-yachting.com\/en\/catalogue\/pare-battage-rond-gonflable\/\" \/>\n<meta property=\"og:site_name\" content=\"TIKI YACHTING\" \/>\n<meta property=\"article:modified_time\" content=\"2025-03-04T17:48:37+00:00\" \/>\n<meta property=\"og:image\" content=\"https:\/\/www.tiki-yachting.com\/wp-content\/uploads\/2021\/09\/pare-battage-rond-gonflable.png\" \/>\n\t<meta property=\"og:image:width\" content=\"960\" \/>\n\t<meta property=\"og:image:height\" content=\"960\" \/>\n\t<meta property=\"og:image:type\" content=\"image\/png\" \/>\n<meta name=\"twitter:card\" content=\"summary_large_image\" \/>\n<meta name=\"twitter:label1\" content=\"Estimated reading time\" \/>\n\t<meta name=\"twitter:data1\" content=\"1 minute\" \/>\n<script type=\"application\/ld+json\" class=\"yoast-schema-graph\">{\"@context\":\"https:\/\/schema.org\",\"@graph\":[{\"@type\":\"WebPage\",\"@id\":\"https:\/\/www.tiki-yachting.com\/en\/catalogue\/pare-battage-rond-gonflable\/\",\"url\":\"https:\/\/www.tiki-yachting.com\/en\/catalogue\/pare-battage-rond-gonflable\/\",\"name\":\"TIKI YACHTING - PARE BATTAGE ROND GONFLABLE\",\"isPartOf\":{\"@id\":\"https:\/\/www.tiki-yachting.com\/en\/#website\"},\"datePublished\":\"2021-09-25T14:06:28+00:00\",\"dateModified\":\"2025-03-04T17:48:37+00:00\",\"breadcrumb\":{\"@id\":\"https:\/\/www.tiki-yachting.com\/en\/catalogue\/pare-battage-rond-gonflable\/#breadcrumb\"},\"inLanguage\":\"en-GB\",\"potentialAction\":[{\"@type\":\"ReadAction\",\"target\":[\"https:\/\/www.tiki-yachting.com\/en\/catalogue\/pare-battage-rond-gonflable\/\"]}]},{\"@type\":\"BreadcrumbList\",\"@id\":\"https:\/\/www.tiki-yachting.com\/en\/catalogue\/pare-battage-rond-gonflable\/#breadcrumb\",\"itemListElement\":[{\"@type\":\"ListItem\",\"position\":1,\"name\":\"Accueil\",\"item\":\"https:\/\/www.tiki-yachting.com\/\"},{\"@type\":\"ListItem\",\"position\":2,\"name\":\"Boutique\",\"item\":\"https:\/\/www.tiki-yachting.com\/boutique\/\"},{\"@type\":\"ListItem\",\"position\":3,\"name\":\"PARE BATTAGE ROND GONFLABLE\"}]},{\"@type\":\"WebSite\",\"@id\":\"https:\/\/www.tiki-yachting.com\/en\/#website\",\"url\":\"https:\/\/www.tiki-yachting.com\/en\/\",\"name\":\"TIKI YACHTING\",\"description\":\"\",\"publisher\":{\"@id\":\"https:\/\/www.tiki-yachting.com\/en\/#organization\"},\"potentialAction\":[{\"@type\":\"SearchAction\",\"target\":{\"@type\":\"EntryPoint\",\"urlTemplate\":\"https:\/\/www.tiki-yachting.com\/en\/?s={search_term_string}\"},\"query-input\":\"required name=search_term_string\"}],\"inLanguage\":\"en-GB\"},{\"@type\":\"Organization\",\"@id\":\"https:\/\/www.tiki-yachting.com\/en\/#organization\",\"name\":\"TIKI YACHTING\",\"url\":\"https:\/\/www.tiki-yachting.com\/en\/\",\"logo\":{\"@type\":\"ImageObject\",\"inLanguage\":\"en-GB\",\"@id\":\"https:\/\/www.tiki-yachting.com\/en\/#\/schema\/logo\/image\/\",\"url\":\"https:\/\/www.tiki-yachting.com\/wp-content\/uploads\/2021\/09\/logo-tiki-yachting-site.jpg\",\"contentUrl\":\"https:\/\/www.tiki-yachting.com\/wp-content\/uploads\/2021\/09\/logo-tiki-yachting-site.jpg\",\"width\":314,\"height\":222,\"caption\":\"TIKI YACHTING\"},\"image\":{\"@id\":\"https:\/\/www.tiki-yachting.com\/en\/#\/schema\/logo\/image\/\"}}]}<\/script>\n<!-- \/ Yoast SEO plugin. -->","yoast_head_json":{"title":"TIKI YACHTING - PARE BATTAGE ROND GONFLABLE","robots":{"index":"index","follow":"follow","max-snippet":"max-snippet:-1","max-image-preview":"max-image-preview:large","max-video-preview":"max-video-preview:-1"},"canonical":"https:\/\/www.tiki-yachting.com\/en\/catalogue\/pare-battage-rond-gonflable\/","og_locale":"en_GB","og_type":"article","og_title":"TIKI YACHTING - PARE BATTAGE ROND GONFLABLE","og_description":"Dim 50 cm x Diam\u00e8tre 25 cm - sans housse -poids : 1 kg -Gonflage : 30 secondes  Dim 70 cm x Diam\u00e8tre 20 cm - sans housse - poids : 1 kg - Gonflage : 30 secondes  Dim 70 cm x Diam\u00e8tre 20 cm \u00a0\u2013 Avec housse - poids : 1,5 kg  Fabrication\u00a0en pvc haute r\u00e9sistance, version de base avec anneau en inox ou version avec housse en polyester haute resistance 600 D et boucle en sangle.  Innovation TIKI YACHTING pour 2022 le Pare battage gonflable est aussi pratique \u00e0 utiliser qu\u2019un pare battage classique et r\u00e9pond au m\u00eame besoin.","og_url":"https:\/\/www.tiki-yachting.com\/en\/catalogue\/pare-battage-rond-gonflable\/","og_site_name":"TIKI YACHTING","article_modified_time":"2025-03-04T17:48:37+00:00","og_image":[{"width":960,"height":960,"url":"https:\/\/www.tiki-yachting.com\/wp-content\/uploads\/2021\/09\/pare-battage-rond-gonflable.png","type":"image\/png"}],"twitter_card":"summary_large_image","twitter_misc":{"Estimated reading time":"1 minute"},"schema":{"@context":"https:\/\/schema.org","@graph":[{"@type":"WebPage","@id":"https:\/\/www.tiki-yachting.com\/en\/catalogue\/pare-battage-rond-gonflable\/","url":"https:\/\/www.tiki-yachting.com\/en\/catalogue\/pare-battage-rond-gonflable\/","name":"TIKI YACHTING - PARE BATTAGE ROND GONFLABLE","isPartOf":{"@id":"https:\/\/www.tiki-yachting.com\/en\/#website"},"datePublished":"2021-09-25T14:06:28+00:00","dateModified":"2025-03-04T17:48:37+00:00","breadcrumb":{"@id":"https:\/\/www.tiki-yachting.com\/en\/catalogue\/pare-battage-rond-gonflable\/#breadcrumb"},"inLanguage":"en-GB","potentialAction":[{"@type":"ReadAction","target":["https:\/\/www.tiki-yachting.com\/en\/catalogue\/pare-battage-rond-gonflable\/"]}]},{"@type":"BreadcrumbList","@id":"https:\/\/www.tiki-yachting.com\/en\/catalogue\/pare-battage-rond-gonflable\/#breadcrumb","itemListElement":[{"@type":"ListItem","position":1,"name":"Accueil","item":"https:\/\/www.tiki-yachting.com\/"},{"@type":"ListItem","position":2,"name":"Boutique","item":"https:\/\/www.tiki-yachting.com\/boutique\/"},{"@type":"ListItem","position":3,"name":"PARE BATTAGE ROND GONFLABLE"}]},{"@type":"WebSite","@id":"https:\/\/www.tiki-yachting.com\/en\/#website","url":"https:\/\/www.tiki-yachting.com\/en\/","name":"TIKI YACHTING","description":"","publisher":{"@id":"https:\/\/www.tiki-yachting.com\/en\/#organization"},"potentialAction":[{"@type":"SearchAction","target":{"@type":"EntryPoint","urlTemplate":"https:\/\/www.tiki-yachting.com\/en\/?s={search_term_string}"},"query-input":"required name=search_term_string"}],"inLanguage":"en-GB"},{"@type":"Organization","@id":"https:\/\/www.tiki-yachting.com\/en\/#organization","name":"TIKI YACHTING","url":"https:\/\/www.tiki-yachting.com\/en\/","logo":{"@type":"ImageObject","inLanguage":"en-GB","@id":"https:\/\/www.tiki-yachting.com\/en\/#\/schema\/logo\/image\/","url":"https:\/\/www.tiki-yachting.com\/wp-content\/uploads\/2021\/09\/logo-tiki-yachting-site.jpg","contentUrl":"https:\/\/www.tiki-yachting.com\/wp-content\/uploads\/2021\/09\/logo-tiki-yachting-site.jpg","width":314,"height":222,"caption":"TIKI YACHTING"},"image":{"@id":"https:\/\/www.tiki-yachting.com\/en\/#\/schema\/logo\/image\/"}}]}},"_links":{"self":[{"href":"https:\/\/www.tiki-yachting.com\/en\/wp-json\/wp\/v2\/product\/113"}],"collection":[{"href":"https:\/\/www.tiki-yachting.com\/en\/wp-json\/wp\/v2\/product"}],"about":[{"href":"https:\/\/www.tiki-yachting.com\/en\/wp-json\/wp\/v2\/types\/product"}],"wp:featuredmedia":[{"embeddable":true,"href":"https:\/\/www.tiki-yachting.com\/en\/wp-json\/wp\/v2\/media\/114"}],"wp:attachment":[{"href":"https:\/\/www.tiki-yachting.com\/en\/wp-json\/wp\/v2\/media?parent=113"}],"wp:term":[{"taxonomy":"product_cat","embeddable":true,"href":"https:\/\/www.tiki-yachting.com\/en\/wp-json\/wp\/v2\/product_cat?post=113"},{"taxonomy":"product_tag","embeddable":true,"href":"https:\/\/www.tiki-yachting.com\/en\/wp-json\/wp\/v2\/product_tag?post=113"}],"curies":[{"name":"wp","href":"https:\/\/api.w.org\/{rel}","templated":true}]}}