{"id":105,"date":"2021-09-25T15:58:04","date_gmt":"2021-09-25T13:58:04","guid":{"rendered":"https:\/\/www.tiki-yachting.com\/?post_type=product&#038;p=105"},"modified":"2025-03-04T18:39:49","modified_gmt":"2025-03-04T17:39:49","slug":"coussin-de-filiere","status":"publish","type":"product","link":"https:\/\/www.tiki-yachting.com\/en\/catalogue\/coussin-de-filiere\/","title":{"rendered":"GUARD LINE PILLOW"},"content":{"rendered":"<p>The solution is our pillow in 3 parts which is fixed by Velcro directly in the dies with an ultra small footprint when the product is deflated.<\/p>\n<p>The process and the materials are validated for marine use: resistance to shocks, UV rays, salt water, etc. Inflation in 1 minute thanks to a standard valve, that of the Stand up paddle and dinghy.<\/p>","protected":false},"excerpt":{"rendered":"<p>Manufactured in high resistance PVC DROPSTICH Technology, honeycomb weaving on the inside using equidistant polyester threads.<\/p>\n<p>TIKI YACHTING innovation for 2022 guard line pillow <strong><u>flat and inflatable<\/u><\/strong> in 3 parts<\/p>\n<p>Respond to a simple need: sit in the guard lines during the navigation or at anchor with maximum comfort, without taking the risk of losing your cushion in the wind and not overloading the chests of bulky objects!<\/p>","protected":false},"featured_media":106,"template":"","meta":[],"product_cat":[22],"product_tag":[],"yoast_head":"<!-- This site is optimized with the Yoast SEO plugin v21.1 - https:\/\/yoast.com\/wordpress\/plugins\/seo\/ -->\n<title>TIKI YACHTING - COUSSIN DE FILI\u00c8RE<\/title>\n<meta name=\"robots\" content=\"index, follow, max-snippet:-1, max-image-preview:large, max-video-preview:-1\" \/>\n<link rel=\"canonical\" href=\"https:\/\/www.tiki-yachting.com\/en\/catalogue\/coussin-de-filiere\/\" \/>\n<meta property=\"og:locale\" content=\"en_GB\" \/>\n<meta property=\"og:type\" content=\"article\" \/>\n<meta property=\"og:title\" content=\"TIKI YACHTING - COUSSIN DE FILI\u00c8RE\" \/>\n<meta property=\"og:description\" content=\"Fabrication\u00a0en Technologie DROPSTICH PVC haute r\u00e9sistance, tissage nid d\u2019abeille \u00e0 l\u2019int\u00e9rieur gr\u00e2ce \u00e0 des fils polyester \u00e9quidistants.  Innovation TIKI YACHTING pour 2022 le Coussin de fili\u00e8re plat et gonflable en 3 parties.  R\u00e9pondre \u00e0 un besoin simple\u00a0: s\u2019asseoir dans les fili\u00e8res durant la navigation ou au mouillage avec un maximum de confort, sans prendre le risque de perdre son coussin avec le vent et ne pas surcharger les coffres d\u2019objet volumineux\u00a0!\" \/>\n<meta property=\"og:url\" content=\"https:\/\/www.tiki-yachting.com\/en\/catalogue\/coussin-de-filiere\/\" \/>\n<meta property=\"og:site_name\" content=\"TIKI YACHTING\" \/>\n<meta property=\"article:modified_time\" content=\"2025-03-04T17:39:49+00:00\" \/>\n<meta property=\"og:image\" content=\"https:\/\/www.tiki-yachting.com\/wp-content\/uploads\/2021\/09\/coussin-de-filiere.jpg\" \/>\n\t<meta property=\"og:image:width\" content=\"960\" \/>\n\t<meta property=\"og:image:height\" content=\"1547\" \/>\n\t<meta property=\"og:image:type\" content=\"image\/jpeg\" \/>\n<meta name=\"twitter:card\" content=\"summary_large_image\" \/>\n<meta name=\"twitter:label1\" content=\"Estimated reading time\" \/>\n\t<meta name=\"twitter:data1\" content=\"1 minute\" \/>\n<script type=\"application\/ld+json\" class=\"yoast-schema-graph\">{\"@context\":\"https:\/\/schema.org\",\"@graph\":[{\"@type\":\"WebPage\",\"@id\":\"https:\/\/www.tiki-yachting.com\/en\/catalogue\/coussin-de-filiere\/\",\"url\":\"https:\/\/www.tiki-yachting.com\/en\/catalogue\/coussin-de-filiere\/\",\"name\":\"TIKI YACHTING - COUSSIN DE FILI\u00c8RE\",\"isPartOf\":{\"@id\":\"https:\/\/www.tiki-yachting.com\/en\/#website\"},\"datePublished\":\"2021-09-25T13:58:04+00:00\",\"dateModified\":\"2025-03-04T17:39:49+00:00\",\"breadcrumb\":{\"@id\":\"https:\/\/www.tiki-yachting.com\/en\/catalogue\/coussin-de-filiere\/#breadcrumb\"},\"inLanguage\":\"en-GB\",\"potentialAction\":[{\"@type\":\"ReadAction\",\"target\":[\"https:\/\/www.tiki-yachting.com\/en\/catalogue\/coussin-de-filiere\/\"]}]},{\"@type\":\"BreadcrumbList\",\"@id\":\"https:\/\/www.tiki-yachting.com\/en\/catalogue\/coussin-de-filiere\/#breadcrumb\",\"itemListElement\":[{\"@type\":\"ListItem\",\"position\":1,\"name\":\"Accueil\",\"item\":\"https:\/\/www.tiki-yachting.com\/\"},{\"@type\":\"ListItem\",\"position\":2,\"name\":\"Boutique\",\"item\":\"https:\/\/www.tiki-yachting.com\/boutique\/\"},{\"@type\":\"ListItem\",\"position\":3,\"name\":\"COUSSIN DE FILI\u00c8RE\"}]},{\"@type\":\"WebSite\",\"@id\":\"https:\/\/www.tiki-yachting.com\/en\/#website\",\"url\":\"https:\/\/www.tiki-yachting.com\/en\/\",\"name\":\"TIKI YACHTING\",\"description\":\"\",\"publisher\":{\"@id\":\"https:\/\/www.tiki-yachting.com\/en\/#organization\"},\"potentialAction\":[{\"@type\":\"SearchAction\",\"target\":{\"@type\":\"EntryPoint\",\"urlTemplate\":\"https:\/\/www.tiki-yachting.com\/en\/?s={search_term_string}\"},\"query-input\":\"required name=search_term_string\"}],\"inLanguage\":\"en-GB\"},{\"@type\":\"Organization\",\"@id\":\"https:\/\/www.tiki-yachting.com\/en\/#organization\",\"name\":\"TIKI YACHTING\",\"url\":\"https:\/\/www.tiki-yachting.com\/en\/\",\"logo\":{\"@type\":\"ImageObject\",\"inLanguage\":\"en-GB\",\"@id\":\"https:\/\/www.tiki-yachting.com\/en\/#\/schema\/logo\/image\/\",\"url\":\"https:\/\/www.tiki-yachting.com\/wp-content\/uploads\/2021\/09\/logo-tiki-yachting-site.jpg\",\"contentUrl\":\"https:\/\/www.tiki-yachting.com\/wp-content\/uploads\/2021\/09\/logo-tiki-yachting-site.jpg\",\"width\":314,\"height\":222,\"caption\":\"TIKI YACHTING\"},\"image\":{\"@id\":\"https:\/\/www.tiki-yachting.com\/en\/#\/schema\/logo\/image\/\"}}]}<\/script>\n<!-- \/ Yoast SEO plugin. -->","yoast_head_json":{"title":"TIKI YACHTING - COUSSIN DE FILI\u00c8RE","robots":{"index":"index","follow":"follow","max-snippet":"max-snippet:-1","max-image-preview":"max-image-preview:large","max-video-preview":"max-video-preview:-1"},"canonical":"https:\/\/www.tiki-yachting.com\/en\/catalogue\/coussin-de-filiere\/","og_locale":"en_GB","og_type":"article","og_title":"TIKI YACHTING - COUSSIN DE FILI\u00c8RE","og_description":"Fabrication\u00a0en Technologie DROPSTICH PVC haute r\u00e9sistance, tissage nid d\u2019abeille \u00e0 l\u2019int\u00e9rieur gr\u00e2ce \u00e0 des fils polyester \u00e9quidistants.  Innovation TIKI YACHTING pour 2022 le Coussin de fili\u00e8re plat et gonflable en 3 parties.  R\u00e9pondre \u00e0 un besoin simple\u00a0: s\u2019asseoir dans les fili\u00e8res durant la navigation ou au mouillage avec un maximum de confort, sans prendre le risque de perdre son coussin avec le vent et ne pas surcharger les coffres d\u2019objet volumineux\u00a0!","og_url":"https:\/\/www.tiki-yachting.com\/en\/catalogue\/coussin-de-filiere\/","og_site_name":"TIKI YACHTING","article_modified_time":"2025-03-04T17:39:49+00:00","og_image":[{"width":960,"height":1547,"url":"https:\/\/www.tiki-yachting.com\/wp-content\/uploads\/2021\/09\/coussin-de-filiere.jpg","type":"image\/jpeg"}],"twitter_card":"summary_large_image","twitter_misc":{"Estimated reading time":"1 minute"},"schema":{"@context":"https:\/\/schema.org","@graph":[{"@type":"WebPage","@id":"https:\/\/www.tiki-yachting.com\/en\/catalogue\/coussin-de-filiere\/","url":"https:\/\/www.tiki-yachting.com\/en\/catalogue\/coussin-de-filiere\/","name":"TIKI YACHTING - COUSSIN DE FILI\u00c8RE","isPartOf":{"@id":"https:\/\/www.tiki-yachting.com\/en\/#website"},"datePublished":"2021-09-25T13:58:04+00:00","dateModified":"2025-03-04T17:39:49+00:00","breadcrumb":{"@id":"https:\/\/www.tiki-yachting.com\/en\/catalogue\/coussin-de-filiere\/#breadcrumb"},"inLanguage":"en-GB","potentialAction":[{"@type":"ReadAction","target":["https:\/\/www.tiki-yachting.com\/en\/catalogue\/coussin-de-filiere\/"]}]},{"@type":"BreadcrumbList","@id":"https:\/\/www.tiki-yachting.com\/en\/catalogue\/coussin-de-filiere\/#breadcrumb","itemListElement":[{"@type":"ListItem","position":1,"name":"Accueil","item":"https:\/\/www.tiki-yachting.com\/"},{"@type":"ListItem","position":2,"name":"Boutique","item":"https:\/\/www.tiki-yachting.com\/boutique\/"},{"@type":"ListItem","position":3,"name":"COUSSIN DE FILI\u00c8RE"}]},{"@type":"WebSite","@id":"https:\/\/www.tiki-yachting.com\/en\/#website","url":"https:\/\/www.tiki-yachting.com\/en\/","name":"TIKI YACHTING","description":"","publisher":{"@id":"https:\/\/www.tiki-yachting.com\/en\/#organization"},"potentialAction":[{"@type":"SearchAction","target":{"@type":"EntryPoint","urlTemplate":"https:\/\/www.tiki-yachting.com\/en\/?s={search_term_string}"},"query-input":"required name=search_term_string"}],"inLanguage":"en-GB"},{"@type":"Organization","@id":"https:\/\/www.tiki-yachting.com\/en\/#organization","name":"TIKI YACHTING","url":"https:\/\/www.tiki-yachting.com\/en\/","logo":{"@type":"ImageObject","inLanguage":"en-GB","@id":"https:\/\/www.tiki-yachting.com\/en\/#\/schema\/logo\/image\/","url":"https:\/\/www.tiki-yachting.com\/wp-content\/uploads\/2021\/09\/logo-tiki-yachting-site.jpg","contentUrl":"https:\/\/www.tiki-yachting.com\/wp-content\/uploads\/2021\/09\/logo-tiki-yachting-site.jpg","width":314,"height":222,"caption":"TIKI YACHTING"},"image":{"@id":"https:\/\/www.tiki-yachting.com\/en\/#\/schema\/logo\/image\/"}}]}},"_links":{"self":[{"href":"https:\/\/www.tiki-yachting.com\/en\/wp-json\/wp\/v2\/product\/105"}],"collection":[{"href":"https:\/\/www.tiki-yachting.com\/en\/wp-json\/wp\/v2\/product"}],"about":[{"href":"https:\/\/www.tiki-yachting.com\/en\/wp-json\/wp\/v2\/types\/product"}],"wp:featuredmedia":[{"embeddable":true,"href":"https:\/\/www.tiki-yachting.com\/en\/wp-json\/wp\/v2\/media\/106"}],"wp:attachment":[{"href":"https:\/\/www.tiki-yachting.com\/en\/wp-json\/wp\/v2\/media?parent=105"}],"wp:term":[{"taxonomy":"product_cat","embeddable":true,"href":"https:\/\/www.tiki-yachting.com\/en\/wp-json\/wp\/v2\/product_cat?post=105"},{"taxonomy":"product_tag","embeddable":true,"href":"https:\/\/www.tiki-yachting.com\/en\/wp-json\/wp\/v2\/product_tag?post=105"}],"curies":[{"name":"wp","href":"https:\/\/api.w.org\/{rel}","templated":true}]}}