{"id":102,"date":"2021-09-25T15:54:00","date_gmt":"2021-09-25T13:54:00","guid":{"rendered":"https:\/\/www.tiki-yachting.com\/?post_type=product&#038;p=102"},"modified":"2025-03-04T18:41:19","modified_gmt":"2025-03-04T17:41:19","slug":"transat-gonflable","status":"publish","type":"product","link":"https:\/\/www.tiki-yachting.com\/en\/catalogue\/transat-gonflable\/","title":{"rendered":"INFLATABLE TRANSAT"},"content":{"rendered":"<p>Dim 200x80x90 - weight: 12 kg - Inflation: 1 min - Folded 50X30X25<\/p>\n<p>Dim 200x140x90 - weight: 15 kg - Inflation: 1 min<\/p>\n<p>High resistance pvc PARTITION technology manufacturing, internal construction with manual welding inside the vertical partition structure allowing great rigidity despite low inflation pressure (3 psi).<\/p>\n<p>TIKI YACHTING innovation for 2022, a range of inflatable deckchairs with flat or wave-shaped design, available in widths of 80 cm or 140 cm<\/p>","protected":false},"excerpt":{"rendered":"<p>Respond to a simple need: sit in the lifelines during navigation or at anchor with maximum comfort, without taking the risk of losing your cushion in the wind and not overloading the chests of bulky objects!<\/p>\n<p>The process and the materials are validated for marine use: resistance to shocks, UV rays, salt water, etc. Inflation in 1 minute thanks to a standard valve, that of the Stand up paddle and dinghy.<\/p>","protected":false},"featured_media":103,"template":"","meta":[],"product_cat":[22],"product_tag":[],"yoast_head":"<!-- This site is optimized with the Yoast SEO plugin v21.1 - https:\/\/yoast.com\/wordpress\/plugins\/seo\/ -->\n<title>TIKI YACHTING - TRANSAT GONFLABLE<\/title>\n<meta name=\"robots\" content=\"index, follow, max-snippet:-1, max-image-preview:large, max-video-preview:-1\" \/>\n<link rel=\"canonical\" href=\"https:\/\/www.tiki-yachting.com\/en\/catalogue\/transat-gonflable\/\" \/>\n<meta property=\"og:locale\" content=\"en_GB\" \/>\n<meta property=\"og:type\" content=\"article\" \/>\n<meta property=\"og:title\" content=\"TIKI YACHTING - TRANSAT GONFLABLE\" \/>\n<meta property=\"og:description\" content=\"R\u00e9pondre \u00e0 un besoin simple\u00a0: se d\u00e9tendre sur un transat confortable durant la navigation, au mouillage ou m\u00eame directement sur l\u2019eau\u00a0! sans surcharger les coffres ou les cabines d\u2019objet volumineux\u00a0!  Le proc\u00e9d\u00e9 et les mat\u00e9riaux sont valid\u00e9s pour une utilisation marine\u00a0: r\u00e9sistance aux chocs, UV, eau sal\u00e9e... Gonflage en 1 minutes gr\u00e2ce \u00e0 une valve standard, celle des Stand up paddle ou annexe et l\u2019utilisation d\u2019une pompe \u00e0 main ou \u00e9lectrique haut d\u00e9bit.\" \/>\n<meta property=\"og:url\" content=\"https:\/\/www.tiki-yachting.com\/en\/catalogue\/transat-gonflable\/\" \/>\n<meta property=\"og:site_name\" content=\"TIKI YACHTING\" \/>\n<meta property=\"article:modified_time\" content=\"2025-03-04T17:41:19+00:00\" \/>\n<meta property=\"og:image\" content=\"https:\/\/www.tiki-yachting.com\/wp-content\/uploads\/2021\/09\/transat-gonflable-2.png\" \/>\n\t<meta property=\"og:image:width\" content=\"960\" \/>\n\t<meta property=\"og:image:height\" content=\"960\" \/>\n\t<meta property=\"og:image:type\" content=\"image\/png\" \/>\n<meta name=\"twitter:card\" content=\"summary_large_image\" \/>\n<meta name=\"twitter:label1\" content=\"Estimated reading time\" \/>\n\t<meta name=\"twitter:data1\" content=\"1 minute\" \/>\n<script type=\"application\/ld+json\" class=\"yoast-schema-graph\">{\"@context\":\"https:\/\/schema.org\",\"@graph\":[{\"@type\":\"WebPage\",\"@id\":\"https:\/\/www.tiki-yachting.com\/en\/catalogue\/transat-gonflable\/\",\"url\":\"https:\/\/www.tiki-yachting.com\/en\/catalogue\/transat-gonflable\/\",\"name\":\"TIKI YACHTING - TRANSAT GONFLABLE\",\"isPartOf\":{\"@id\":\"https:\/\/www.tiki-yachting.com\/en\/#website\"},\"datePublished\":\"2021-09-25T13:54:00+00:00\",\"dateModified\":\"2025-03-04T17:41:19+00:00\",\"breadcrumb\":{\"@id\":\"https:\/\/www.tiki-yachting.com\/en\/catalogue\/transat-gonflable\/#breadcrumb\"},\"inLanguage\":\"en-GB\",\"potentialAction\":[{\"@type\":\"ReadAction\",\"target\":[\"https:\/\/www.tiki-yachting.com\/en\/catalogue\/transat-gonflable\/\"]}]},{\"@type\":\"BreadcrumbList\",\"@id\":\"https:\/\/www.tiki-yachting.com\/en\/catalogue\/transat-gonflable\/#breadcrumb\",\"itemListElement\":[{\"@type\":\"ListItem\",\"position\":1,\"name\":\"Accueil\",\"item\":\"https:\/\/www.tiki-yachting.com\/\"},{\"@type\":\"ListItem\",\"position\":2,\"name\":\"Boutique\",\"item\":\"https:\/\/www.tiki-yachting.com\/boutique\/\"},{\"@type\":\"ListItem\",\"position\":3,\"name\":\"TRANSAT GONFLABLE\"}]},{\"@type\":\"WebSite\",\"@id\":\"https:\/\/www.tiki-yachting.com\/en\/#website\",\"url\":\"https:\/\/www.tiki-yachting.com\/en\/\",\"name\":\"TIKI YACHTING\",\"description\":\"\",\"publisher\":{\"@id\":\"https:\/\/www.tiki-yachting.com\/en\/#organization\"},\"potentialAction\":[{\"@type\":\"SearchAction\",\"target\":{\"@type\":\"EntryPoint\",\"urlTemplate\":\"https:\/\/www.tiki-yachting.com\/en\/?s={search_term_string}\"},\"query-input\":\"required name=search_term_string\"}],\"inLanguage\":\"en-GB\"},{\"@type\":\"Organization\",\"@id\":\"https:\/\/www.tiki-yachting.com\/en\/#organization\",\"name\":\"TIKI YACHTING\",\"url\":\"https:\/\/www.tiki-yachting.com\/en\/\",\"logo\":{\"@type\":\"ImageObject\",\"inLanguage\":\"en-GB\",\"@id\":\"https:\/\/www.tiki-yachting.com\/en\/#\/schema\/logo\/image\/\",\"url\":\"https:\/\/www.tiki-yachting.com\/wp-content\/uploads\/2021\/09\/logo-tiki-yachting-site.jpg\",\"contentUrl\":\"https:\/\/www.tiki-yachting.com\/wp-content\/uploads\/2021\/09\/logo-tiki-yachting-site.jpg\",\"width\":314,\"height\":222,\"caption\":\"TIKI YACHTING\"},\"image\":{\"@id\":\"https:\/\/www.tiki-yachting.com\/en\/#\/schema\/logo\/image\/\"}}]}<\/script>\n<!-- \/ Yoast SEO plugin. -->","yoast_head_json":{"title":"TIKI YACHTING - TRANSAT GONFLABLE","robots":{"index":"index","follow":"follow","max-snippet":"max-snippet:-1","max-image-preview":"max-image-preview:large","max-video-preview":"max-video-preview:-1"},"canonical":"https:\/\/www.tiki-yachting.com\/en\/catalogue\/transat-gonflable\/","og_locale":"en_GB","og_type":"article","og_title":"TIKI YACHTING - TRANSAT GONFLABLE","og_description":"R\u00e9pondre \u00e0 un besoin simple\u00a0: se d\u00e9tendre sur un transat confortable durant la navigation, au mouillage ou m\u00eame directement sur l\u2019eau\u00a0! sans surcharger les coffres ou les cabines d\u2019objet volumineux\u00a0!  Le proc\u00e9d\u00e9 et les mat\u00e9riaux sont valid\u00e9s pour une utilisation marine\u00a0: r\u00e9sistance aux chocs, UV, eau sal\u00e9e... Gonflage en 1 minutes gr\u00e2ce \u00e0 une valve standard, celle des Stand up paddle ou annexe et l\u2019utilisation d\u2019une pompe \u00e0 main ou \u00e9lectrique haut d\u00e9bit.","og_url":"https:\/\/www.tiki-yachting.com\/en\/catalogue\/transat-gonflable\/","og_site_name":"TIKI YACHTING","article_modified_time":"2025-03-04T17:41:19+00:00","og_image":[{"width":960,"height":960,"url":"https:\/\/www.tiki-yachting.com\/wp-content\/uploads\/2021\/09\/transat-gonflable-2.png","type":"image\/png"}],"twitter_card":"summary_large_image","twitter_misc":{"Estimated reading time":"1 minute"},"schema":{"@context":"https:\/\/schema.org","@graph":[{"@type":"WebPage","@id":"https:\/\/www.tiki-yachting.com\/en\/catalogue\/transat-gonflable\/","url":"https:\/\/www.tiki-yachting.com\/en\/catalogue\/transat-gonflable\/","name":"TIKI YACHTING - TRANSAT GONFLABLE","isPartOf":{"@id":"https:\/\/www.tiki-yachting.com\/en\/#website"},"datePublished":"2021-09-25T13:54:00+00:00","dateModified":"2025-03-04T17:41:19+00:00","breadcrumb":{"@id":"https:\/\/www.tiki-yachting.com\/en\/catalogue\/transat-gonflable\/#breadcrumb"},"inLanguage":"en-GB","potentialAction":[{"@type":"ReadAction","target":["https:\/\/www.tiki-yachting.com\/en\/catalogue\/transat-gonflable\/"]}]},{"@type":"BreadcrumbList","@id":"https:\/\/www.tiki-yachting.com\/en\/catalogue\/transat-gonflable\/#breadcrumb","itemListElement":[{"@type":"ListItem","position":1,"name":"Accueil","item":"https:\/\/www.tiki-yachting.com\/"},{"@type":"ListItem","position":2,"name":"Boutique","item":"https:\/\/www.tiki-yachting.com\/boutique\/"},{"@type":"ListItem","position":3,"name":"TRANSAT GONFLABLE"}]},{"@type":"WebSite","@id":"https:\/\/www.tiki-yachting.com\/en\/#website","url":"https:\/\/www.tiki-yachting.com\/en\/","name":"TIKI YACHTING","description":"","publisher":{"@id":"https:\/\/www.tiki-yachting.com\/en\/#organization"},"potentialAction":[{"@type":"SearchAction","target":{"@type":"EntryPoint","urlTemplate":"https:\/\/www.tiki-yachting.com\/en\/?s={search_term_string}"},"query-input":"required name=search_term_string"}],"inLanguage":"en-GB"},{"@type":"Organization","@id":"https:\/\/www.tiki-yachting.com\/en\/#organization","name":"TIKI YACHTING","url":"https:\/\/www.tiki-yachting.com\/en\/","logo":{"@type":"ImageObject","inLanguage":"en-GB","@id":"https:\/\/www.tiki-yachting.com\/en\/#\/schema\/logo\/image\/","url":"https:\/\/www.tiki-yachting.com\/wp-content\/uploads\/2021\/09\/logo-tiki-yachting-site.jpg","contentUrl":"https:\/\/www.tiki-yachting.com\/wp-content\/uploads\/2021\/09\/logo-tiki-yachting-site.jpg","width":314,"height":222,"caption":"TIKI YACHTING"},"image":{"@id":"https:\/\/www.tiki-yachting.com\/en\/#\/schema\/logo\/image\/"}}]}},"_links":{"self":[{"href":"https:\/\/www.tiki-yachting.com\/en\/wp-json\/wp\/v2\/product\/102"}],"collection":[{"href":"https:\/\/www.tiki-yachting.com\/en\/wp-json\/wp\/v2\/product"}],"about":[{"href":"https:\/\/www.tiki-yachting.com\/en\/wp-json\/wp\/v2\/types\/product"}],"wp:featuredmedia":[{"embeddable":true,"href":"https:\/\/www.tiki-yachting.com\/en\/wp-json\/wp\/v2\/media\/103"}],"wp:attachment":[{"href":"https:\/\/www.tiki-yachting.com\/en\/wp-json\/wp\/v2\/media?parent=102"}],"wp:term":[{"taxonomy":"product_cat","embeddable":true,"href":"https:\/\/www.tiki-yachting.com\/en\/wp-json\/wp\/v2\/product_cat?post=102"},{"taxonomy":"product_tag","embeddable":true,"href":"https:\/\/www.tiki-yachting.com\/en\/wp-json\/wp\/v2\/product_tag?post=102"}],"curies":[{"name":"wp","href":"https:\/\/api.w.org\/{rel}","templated":true}]}}